{"id":154,"date":"2023-03-21T08:03:26","date_gmt":"2023-03-21T08:03:26","guid":{"rendered":"https:\/\/shthemes.net\/demosd\/ziptech\/?page_id=154"},"modified":"2025-03-17T08:08:12","modified_gmt":"2025-03-17T08:08:12","slug":"iletisim","status":"publish","type":"page","link":"https:\/\/synifly.com.tr\/?page_id=154","title":{"rendered":"\u0130leti\u015fim"},"content":{"rendered":"\t\t<div data-elementor-type=\"wp-page\" data-elementor-id=\"154\" class=\"elementor elementor-154\" data-elementor-post-type=\"page\">\n\t\t\t\t\t\t<section class=\"elementor-section elementor-top-section elementor-element elementor-element-89b3b7f elementor-section-full_width elementor-section-height-default elementor-section-height-default\" data-id=\"89b3b7f\" data-element_type=\"section\">\n\t\t\t\t\t\t<div class=\"elementor-container elementor-column-gap-no\">\n\t\t\t\t\t<div class=\"elementor-column elementor-col-100 elementor-top-column elementor-element elementor-element-7f7ee00\" data-id=\"7f7ee00\" data-element_type=\"column\">\n\t\t\t<div class=\"elementor-widget-wrap elementor-element-populated\">\n\t\t\t\t\t\t<div class=\"elementor-element elementor-element-21670da elementor-align-left elementor-widget elementor-widget-bdevs-Banner\" data-id=\"21670da\" data-element_type=\"widget\" data-widget_type=\"bdevs-Banner.default\">\n\t\t\t\t<div class=\"elementor-widget-container\">\n\t\t\t\t\t \n<section class=\"page-title-section\" style=\"background-image: url(https:\/\/shthemes.net\/demosd\/ziptech\/wp-content\/uploads\/2023\/04\/1.jpg);\">\n      <div class=\"container\">\n        <div class=\"row\">\n          <div class=\"col-xl-12\">\n            <div class=\"breadcrumb-area\">\n            \t              <h2 class=\"page-title\">\u0130leti\u015fim<\/h2>\n                                          <ul class=\"breadcrumbs-link\">\n                <li><a href=\"https:\/\/synifly.com.tr\/\">Anasayfa<\/a><\/li>\n                \n                <li class=\"active\">\u0130leti\u015fim<\/li>\n                \n              <\/ul>\n                          <\/div>\n          <\/div>\n        <\/div>\n      <\/div>\n    <\/section>\n\n\t\t\t\t\t<\/div>\n\t\t\t\t<\/div>\n\t\t\t\t\t<\/div>\n\t\t<\/div>\n\t\t\t\t\t<\/div>\n\t\t<\/section>\n\t\t\t\t<section class=\"elementor-section elementor-top-section elementor-element elementor-element-66bdf81 elementor-section-full_width elementor-section-height-default elementor-section-height-default\" data-id=\"66bdf81\" data-element_type=\"section\">\n\t\t\t\t\t\t<div class=\"elementor-container elementor-column-gap-no\">\n\t\t\t\t\t<div class=\"elementor-column elementor-col-100 elementor-top-column elementor-element elementor-element-5371b62\" data-id=\"5371b62\" data-element_type=\"column\">\n\t\t\t<div class=\"elementor-widget-wrap elementor-element-populated\">\n\t\t\t\t\t\t<div class=\"elementor-element elementor-element-bb99a52 elementor-align-left elementor-widget elementor-widget-bdevs-contact-us\" data-id=\"bb99a52\" data-element_type=\"widget\" data-widget_type=\"bdevs-contact-us.default\">\n\t\t\t\t<div class=\"elementor-widget-container\">\n\t\t\t\t\t \r\n<section class=\"contact-section bg-no-repeat bg-cover pdt-110 pdb-110\" data-background=\"https:\/\/shthemes.net\/demosd\/ziptech\/wp-content\/uploads\/2023\/05\/abs-bg6.png\" data-overlay-light=\"2\">\r\n      <div class=\"container\">\r\n        <div class=\"row mrb-80\">\r\n          <div class=\"col-xl-12\">\r\n            <div class=\"row\">\r\n            \t              <div class=\"col-lg-6 col-xl-4\">\r\n                <div class=\"contact-block d-flex mrb-30\">\r\n                  <div class=\"contact-icon\">\r\n                    <i class=\"base-icon-map\"><\/i>\r\n                  <\/div>\r\n                  <div class=\"contact-details mrl-30\">\r\n                    <h5 class=\"icon-box-title mrb-10\">Adres<\/h5>\r\n                    <p class=\"mrb-0\">Ahlatl\u0131bel Mah. 1831. Cad. No:58 \u00c7ankaya\/Ankara<\/p>\r\n                  <\/div>\r\n                <\/div>\r\n              <\/div>\r\n                            <div class=\"col-lg-6 col-xl-4\">\r\n                <div class=\"contact-block d-flex mrb-30\">\r\n                  <div class=\"contact-icon\">\r\n                    <i class=\"base-icon-094-email-2\"><\/i>\r\n                  <\/div>\r\n                  <div class=\"contact-details mrl-30\">\r\n                    <h5 class=\"icon-box-title mrb-10\">E-Posta<\/h5>\r\n                    <p class=\"mrb-0\">destek@inksistem.com.tr<br>   <\/p>\r\n                  <\/div>\r\n                <\/div>\r\n              <\/div>\r\n                            <div class=\"col-lg-6 col-xl-4\">\r\n                <div class=\"contact-block d-flex mrb-30\">\r\n                  <div class=\"contact-icon\">\r\n                    <i class=\"base-icon-phone-2\"><\/i>\r\n                  <\/div>\r\n                  <div class=\"contact-details mrl-30\">\r\n                    <h5 class=\"icon-box-title mrb-10\">Telefon<\/h5>\r\n                    <p class=\"mrb-0\">0 850 840 04 65<\/p>\r\n                  <\/div>\r\n                <\/div>\r\n              <\/div>\r\n                          <\/div>\r\n          <\/div>\r\n        <\/div>\r\n        <div class=\"row\">\r\n          <div class=\"col-xl-5\">\r\n          \t            <h5 class=\"side-line-left text-primary-color mrt-0 mrb-5\">\u0130leti\u015fime Ge\u00e7in<\/h5>\r\n                                    <h2 class=\"faq-title mrb-30\">Herhangi bir sorunuz var m\u0131?<\/h2>\r\n                        <ul class=\"social-list list-lg list-primary-color list-flat mrb-lg-60 clearfix\">\r\n            \t                                                      <\/ul>\r\n          <\/div>\r\n          <div class=\"col-xl-7\">\r\n            <div class=\"contact-form\">\r\n              \n<div class=\"wpcf7 no-js\" id=\"wpcf7-f301-o1\" lang=\"en-US\" dir=\"ltr\" data-wpcf7-id=\"301\">\n<div class=\"screen-reader-response\"><p role=\"status\" aria-live=\"polite\" aria-atomic=\"true\"><\/p> <ul><\/ul><\/div>\n<form action=\"\/index.php?rest_route=%2Fwp%2Fv2%2Fpages%2F154#wpcf7-f301-o1\" method=\"post\" class=\"wpcf7-form init\" aria-label=\"Contact form\" novalidate=\"novalidate\" data-status=\"init\">\n<fieldset class=\"hidden-fields-container\"><input type=\"hidden\" name=\"_wpcf7\" value=\"301\" \/><input type=\"hidden\" name=\"_wpcf7_version\" value=\"6.1.3\" \/><input type=\"hidden\" name=\"_wpcf7_locale\" value=\"en_US\" \/><input type=\"hidden\" name=\"_wpcf7_unit_tag\" value=\"wpcf7-f301-o1\" \/><input type=\"hidden\" name=\"_wpcf7_container_post\" value=\"0\" \/><input type=\"hidden\" name=\"_wpcf7_posted_data_hash\" value=\"\" \/>\n<\/fieldset>\n<div>\n\t<div class=\"row\">\n\t\t<div class=\"col-lg-6\">\n\t\t\t<div class=\"form-group mrb-25\">\n\t\t\t\t<p><span class=\"wpcf7-form-control-wrap\" data-name=\"text-309\"><input size=\"40\" maxlength=\"400\" class=\"wpcf7-form-control wpcf7-text wpcf7-validates-as-required form-control\" aria-required=\"true\" aria-invalid=\"false\" placeholder=\"Ad\u0131n\u0131z\" value=\"\" type=\"text\" name=\"text-309\" \/><\/span>\n\t\t\t\t<\/p>\n\t\t\t<\/div>\n\t\t<\/div>\n\t\t<div class=\"col-lg-6\">\n\t\t\t<div class=\"form-group mrb-25\">\n\t\t\t\t<p><span class=\"wpcf7-form-control-wrap\" data-name=\"text-355\"><input size=\"40\" maxlength=\"400\" class=\"wpcf7-form-control wpcf7-text wpcf7-validates-as-required form-control\" aria-required=\"true\" aria-invalid=\"false\" placeholder=\"Telefon\" value=\"\" type=\"text\" name=\"text-355\" \/><\/span>\n\t\t\t\t<\/p>\n\t\t\t<\/div>\n\t\t<\/div>\n\t\t<div class=\"col-lg-12\">\n\t\t\t<div class=\"form-group mrb-25\">\n\t\t\t\t<p><span class=\"wpcf7-form-control-wrap\" data-name=\"email-464\"><input size=\"40\" maxlength=\"400\" class=\"wpcf7-form-control wpcf7-email wpcf7-validates-as-required wpcf7-text wpcf7-validates-as-email form-control\" aria-required=\"true\" aria-invalid=\"false\" placeholder=\"E-Posta\" value=\"\" type=\"email\" name=\"email-464\" \/><\/span>\n\t\t\t\t<\/p>\n\t\t\t<\/div>\n\t\t<\/div>\n\t\t<div class=\"col-lg-12\">\n\t\t\t<div class=\"form-group mrb-25\">\n\t\t\t\t<p><span class=\"wpcf7-form-control-wrap\" data-name=\"textarea-904\"><textarea cols=\"40\" rows=\"10\" maxlength=\"2000\" class=\"wpcf7-form-control wpcf7-textarea wpcf7-validates-as-required form-control\" aria-required=\"true\" aria-invalid=\"false\" placeholder=\"Mesaj\u0131n\u0131z\" name=\"textarea-904\"><\/textarea><\/span>\n\t\t\t\t<\/p>\n\t\t\t<\/div>\n\t\t<\/div>\n\t\t<div class=\"col-lg-8\">\n\t\t\t<div class=\"form-group\">\n\t\t\t\t<p><input class=\"wpcf7-form-control wpcf7-submit has-spinner animate-btn-style3 mrb-lg-60\" type=\"submit\" value=\"\u015eimdi G\u00f6nder\" \/>\n\t\t\t\t<\/p>\n\t\t\t<\/div>\n\t\t<\/div>\n\t<\/div>\n<\/div><div class=\"wpcf7-response-output\" aria-hidden=\"true\"><\/div>\n<\/form>\n<\/div>\n            <\/div>\r\n          <\/div>\r\n        <\/div>\r\n      <\/div>\r\n    <\/section>\r\n    <!-- Contact Section End -->\r\n    <!-- Google Map Section Start -->\r\n        <section class=\"google-map-section\">\r\n      <!-- Google Map Start -->\r\n      <div class=\"mapouter fixed-height\">\r\n        <div class=\"gmap_canvas\">\r\n          <iframe id=\"gmap_canvas\" src=\"https:\/\/www.google.com\/maps\/embed?pb=!1m18!1m12!1m3!1d3063.9196354221567!2d32.73719657565791!3d39.831219471539676!2m3!1f0!2f0!3f0!3m2!1i1024!2i768!4f13.1!3m3!1m2!1s0x14d349a39f73525b%3A0x59022855420dc99a!2s%C4%B0nk%20Sistem!5e0!3m2!1str!2str!4v1739169292681!5m2!1str!2str\"><\/iframe>\r\n          <a href=\"https:\/\/www.whatismyip-address.com\"><\/a>\r\n        <\/div>\r\n      <\/div>\r\n      <!-- Google Map End -->\r\n    <\/section>\r\n    \t\t\t\t\t<\/div>\n\t\t\t\t<\/div>\n\t\t\t\t\t<\/div>\n\t\t<\/div>\n\t\t\t\t\t<\/div>\n\t\t<\/section>\n\t\t\t\t<\/div>\n\t\t","protected":false},"excerpt":{"rendered":"<p>\u0130leti\u015fim Anasayfa \u0130leti\u015fim Adres Ahlatl\u0131bel Mah. 1831. Cad. No:58 \u00c7ankaya\/Ankara E-Posta destek@inksistem.com.tr Telefon 0 850 840 04 65 \u0130leti\u015fime Ge\u00e7in Herhangi bir sorunuz var m\u0131?<\/p>\n","protected":false},"author":1,"featured_media":0,"parent":0,"menu_order":0,"comment_status":"closed","ping_status":"closed","template":"page-templates\/home.php","meta":{"inline_featured_image":false,"_joinchat":[],"footnotes":""},"class_list":["post-154","page","type-page","status-publish","hentry"],"_links":{"self":[{"href":"https:\/\/synifly.com.tr\/index.php?rest_route=\/wp\/v2\/pages\/154","targetHints":{"allow":["GET"]}}],"collection":[{"href":"https:\/\/synifly.com.tr\/index.php?rest_route=\/wp\/v2\/pages"}],"about":[{"href":"https:\/\/synifly.com.tr\/index.php?rest_route=\/wp\/v2\/types\/page"}],"author":[{"embeddable":true,"href":"https:\/\/synifly.com.tr\/index.php?rest_route=\/wp\/v2\/users\/1"}],"replies":[{"embeddable":true,"href":"https:\/\/synifly.com.tr\/index.php?rest_route=%2Fwp%2Fv2%2Fcomments&post=154"}],"version-history":[{"count":10,"href":"https:\/\/synifly.com.tr\/index.php?rest_route=\/wp\/v2\/pages\/154\/revisions"}],"predecessor-version":[{"id":1506,"href":"https:\/\/synifly.com.tr\/index.php?rest_route=\/wp\/v2\/pages\/154\/revisions\/1506"}],"wp:attachment":[{"href":"https:\/\/synifly.com.tr\/index.php?rest_route=%2Fwp%2Fv2%2Fmedia&parent=154"}],"curies":[{"name":"wp","href":"https:\/\/api.w.org\/{rel}","templated":true}]}}