{"id":150,"date":"2023-03-21T07:56:23","date_gmt":"2023-03-21T07:56:23","guid":{"rendered":"https:\/\/shthemes.net\/demosd\/ziptech\/?page_id=150"},"modified":"2025-03-15T08:14:18","modified_gmt":"2025-03-15T08:14:18","slug":"hizmetlerimiz","status":"publish","type":"page","link":"https:\/\/synifly.com.tr\/?page_id=150","title":{"rendered":"Hizmetlerimiz"},"content":{"rendered":"\t\t<div data-elementor-type=\"wp-page\" data-elementor-id=\"150\" class=\"elementor elementor-150\" data-elementor-post-type=\"page\">\n\t\t\t\t\t\t<section class=\"elementor-section elementor-top-section elementor-element elementor-element-0e8a9b2 elementor-section-full_width elementor-section-height-default elementor-section-height-default\" data-id=\"0e8a9b2\" data-element_type=\"section\">\n\t\t\t\t\t\t<div class=\"elementor-container elementor-column-gap-no\">\n\t\t\t\t\t<div class=\"elementor-column elementor-col-100 elementor-top-column elementor-element elementor-element-ac9b0ce\" data-id=\"ac9b0ce\" data-element_type=\"column\">\n\t\t\t<div class=\"elementor-widget-wrap elementor-element-populated\">\n\t\t\t\t\t\t<div class=\"elementor-element elementor-element-c8b7b6d elementor-align-left elementor-widget elementor-widget-bdevs-Banner\" data-id=\"c8b7b6d\" data-element_type=\"widget\" data-widget_type=\"bdevs-Banner.default\">\n\t\t\t\t<div class=\"elementor-widget-container\">\n\t\t\t\t\t \n<section class=\"page-title-section\" style=\"background-image: url(https:\/\/shthemes.net\/demosd\/ziptech\/wp-content\/uploads\/2023\/04\/1.jpg);\">\n      <div class=\"container\">\n        <div class=\"row\">\n          <div class=\"col-xl-12\">\n            <div class=\"breadcrumb-area\">\n            \t              <h2 class=\"page-title\">Hizmetlerimiz<\/h2>\n                                          <ul class=\"breadcrumbs-link\">\n                <li><a href=\"https:\/\/synifly.com.tr\/\">Anasayfa<\/a><\/li>\n                \n                <li class=\"active\">Hizmetlerimiz<\/li>\n                \n              <\/ul>\n                          <\/div>\n          <\/div>\n        <\/div>\n      <\/div>\n    <\/section>\n\n\t\t\t\t\t<\/div>\n\t\t\t\t<\/div>\n\t\t\t\t\t<\/div>\n\t\t<\/div>\n\t\t\t\t\t<\/div>\n\t\t<\/section>\n\t\t\t\t<section class=\"elementor-section elementor-top-section elementor-element elementor-element-37ae4e2 elementor-section-full_width elementor-section-height-default elementor-section-height-default\" data-id=\"37ae4e2\" data-element_type=\"section\">\n\t\t\t\t\t\t<div class=\"elementor-container elementor-column-gap-no\">\n\t\t\t\t\t<div class=\"elementor-column elementor-col-100 elementor-top-column elementor-element elementor-element-b6df56d\" data-id=\"b6df56d\" data-element_type=\"column\">\n\t\t\t<div class=\"elementor-widget-wrap elementor-element-populated\">\n\t\t\t\t\t\t<div class=\"elementor-element elementor-element-3cf0777 elementor-align-left elementor-widget elementor-widget-bdevs-services-it-solution\" data-id=\"3cf0777\" data-element_type=\"widget\" data-widget_type=\"bdevs-services-it-solution.default\">\n\t\t\t\t<div class=\"elementor-widget-container\">\n\t\t\t\t\t \r\n<section class=\"service-section-style2 bg-silver pdt-110 pdb-110\">\r\n  <div class=\"section-title text-center wow fadeInUp\" data-wow-delay=\"0ms\" data-wow-duration=\"1500ms\">\r\n    <div class=\"container\">\r\n      <div class=\"row\">\r\n        <div class=\"col\"><\/div>\r\n        <div class=\"col-md-12 col-lg-10 col-xl-6\">\r\n          <div class=\"title-box\">\r\n          \t                                  <\/div>\r\n        <\/div>\r\n        <div class=\"col\"><\/div>\r\n      <\/div>\r\n    <\/div>\r\n  <\/div>\r\n  <div class=\"section-content\">\r\n    <div class=\"container\">\r\n      <div class=\"row\">\r\n      \t      <\/div>\r\n          <\/div>\r\n  <\/div>\r\n<\/section>\r\n\t\t\t\t\t<\/div>\n\t\t\t\t<\/div>\n\t\t\t\t\t<\/div>\n\t\t<\/div>\n\t\t\t\t\t<\/div>\n\t\t<\/section>\n\t\t\t\t<\/div>\n\t\t","protected":false},"excerpt":{"rendered":"<p>Hizmetlerimiz Anasayfa Hizmetlerimiz UX\/UI Stratejisi UX\/UI Stratejisi: Kullan\u0131c\u0131 Deneyimi ve Aray\u00fcz Tasar\u0131m\u0131nda Ba\u015far\u0131ya Ula\u015fman\u0131n Anahtar\u0131 Dijital d\u00fcnyan\u0131n h\u0131zla geli\u015fti\u011fi&#8230; \u0130ncele BT Y\u00f6netimi BT Y\u00f6netimi: \u0130\u015f D\u00fcnyas\u0131nda Kritik Bir Unsur Bilgi Teknolojileri (BT) y\u00f6netimi, g\u00fcn\u00fcm\u00fcz i\u015f d\u00fcnyas\u0131nda&#8230; \u0130ncele Dijital Pazarlama Dijital Pazarlama: Yeni Nesil Pazarlaman\u0131n G\u00fcc\u00fc Dijital pazarlama, g\u00fcn\u00fcm\u00fczde markalar\u0131n ve i\u015fletmelerin hedef kitlelerine&#8230; \u0130ncele Siber [&hellip;]<\/p>\n","protected":false},"author":1,"featured_media":0,"parent":0,"menu_order":0,"comment_status":"closed","ping_status":"closed","template":"page-templates\/home.php","meta":{"inline_featured_image":false,"_joinchat":[],"footnotes":""},"class_list":["post-150","page","type-page","status-publish","hentry"],"_links":{"self":[{"href":"https:\/\/synifly.com.tr\/index.php?rest_route=\/wp\/v2\/pages\/150","targetHints":{"allow":["GET"]}}],"collection":[{"href":"https:\/\/synifly.com.tr\/index.php?rest_route=\/wp\/v2\/pages"}],"about":[{"href":"https:\/\/synifly.com.tr\/index.php?rest_route=\/wp\/v2\/types\/page"}],"author":[{"embeddable":true,"href":"https:\/\/synifly.com.tr\/index.php?rest_route=\/wp\/v2\/users\/1"}],"replies":[{"embeddable":true,"href":"https:\/\/synifly.com.tr\/index.php?rest_route=%2Fwp%2Fv2%2Fcomments&post=150"}],"version-history":[{"count":5,"href":"https:\/\/synifly.com.tr\/index.php?rest_route=\/wp\/v2\/pages\/150\/revisions"}],"predecessor-version":[{"id":1479,"href":"https:\/\/synifly.com.tr\/index.php?rest_route=\/wp\/v2\/pages\/150\/revisions\/1479"}],"wp:attachment":[{"href":"https:\/\/synifly.com.tr\/index.php?rest_route=%2Fwp%2Fv2%2Fmedia&parent=150"}],"curies":[{"name":"wp","href":"https:\/\/api.w.org\/{rel}","templated":true}]}}