{"id":135,"date":"2023-03-21T07:36:37","date_gmt":"2023-03-21T07:36:37","guid":{"rendered":"https:\/\/shthemes.net\/demosd\/ziptech\/?page_id=135"},"modified":"2025-03-20T07:20:20","modified_gmt":"2025-03-20T07:20:20","slug":"hakkimizda","status":"publish","type":"page","link":"https:\/\/synifly.com.tr\/?page_id=135","title":{"rendered":"Hakk\u0131m\u0131zda"},"content":{"rendered":"\t\t<div data-elementor-type=\"wp-page\" data-elementor-id=\"135\" class=\"elementor elementor-135\" data-elementor-post-type=\"page\">\n\t\t\t\t\t\t<section class=\"elementor-section elementor-top-section elementor-element elementor-element-6cf846c elementor-section-full_width elementor-section-height-default elementor-section-height-default\" data-id=\"6cf846c\" data-element_type=\"section\">\n\t\t\t\t\t\t<div class=\"elementor-container elementor-column-gap-no\">\n\t\t\t\t\t<div class=\"elementor-column elementor-col-100 elementor-top-column elementor-element elementor-element-1eadc9f\" data-id=\"1eadc9f\" data-element_type=\"column\">\n\t\t\t<div class=\"elementor-widget-wrap elementor-element-populated\">\n\t\t\t\t\t\t<div class=\"elementor-element elementor-element-fa0a5d1 elementor-align-left elementor-widget elementor-widget-bdevs-Banner\" data-id=\"fa0a5d1\" data-element_type=\"widget\" data-widget_type=\"bdevs-Banner.default\">\n\t\t\t\t<div class=\"elementor-widget-container\">\n\t\t\t\t\t \n<section class=\"page-title-section\" style=\"background-image: url(https:\/\/shthemes.net\/demosd\/ziptech\/wp-content\/uploads\/2023\/04\/1.jpg);\">\n      <div class=\"container\">\n        <div class=\"row\">\n          <div class=\"col-xl-12\">\n            <div class=\"breadcrumb-area\">\n            \t              <h2 class=\"page-title\">Hakk\u0131m\u0131zda<\/h2>\n                                          <ul class=\"breadcrumbs-link\">\n                <li><a href=\"https:\/\/synifly.com.tr\/\">Anasayfa<\/a><\/li>\n                \n                <li class=\"active\">Hakk\u0131m\u0131zda<\/li>\n                \n              <\/ul>\n                          <\/div>\n          <\/div>\n        <\/div>\n      <\/div>\n    <\/section>\n\n\t\t\t\t\t<\/div>\n\t\t\t\t<\/div>\n\t\t\t\t\t<\/div>\n\t\t<\/div>\n\t\t\t\t\t<\/div>\n\t\t<\/section>\n\t\t\t\t<section class=\"elementor-section elementor-top-section elementor-element elementor-element-3498865 elementor-section-full_width elementor-section-height-default elementor-section-height-default\" data-id=\"3498865\" data-element_type=\"section\">\n\t\t\t\t\t\t<div class=\"elementor-container elementor-column-gap-no\">\n\t\t\t\t\t<div class=\"elementor-column elementor-col-100 elementor-top-column elementor-element elementor-element-24464be\" data-id=\"24464be\" data-element_type=\"column\">\n\t\t\t<div class=\"elementor-widget-wrap elementor-element-populated\">\n\t\t\t\t\t\t<div class=\"elementor-element elementor-element-d8fa0b9 elementor-align-left elementor-widget elementor-widget-bdevs-about\" data-id=\"d8fa0b9\" data-element_type=\"widget\" data-widget_type=\"bdevs-about.default\">\n\t\t\t\t<div class=\"elementor-widget-container\">\n\t\t\t\t\t \r\n<section class=\"about-us-section-style1 pdt-110 pdb-110 bg-no-repeat bg-cover bg-pos-cb\" data-background=\"https:\/\/shthemes.net\/demosd\/ziptech\/wp-content\/uploads\/2023\/04\/abs-bg1.png\" data-overlay-light=\"3\">\r\n      <div class=\"container\">\r\n        <div class=\"row\">\r\n          <div class=\"col-md-12 col-lg-8 col-xl-6 wow fadeInRight\" data-wow-delay=\"0ms\" data-wow-duration=\"1500ms\">\r\n            <div class=\"about-image-box-style1 dot-circle mrb-lg-60\">\r\n              <img decoding=\"async\" class=\"about-image1 img-full js-tilt d-none d-md-block d-lg-block d-xl-block\" src=\"https:\/\/shthemes.net\/demosd\/ziptech\/wp-content\/uploads\/2023\/04\/about-sm2.jpg\" alt=\"\" \/>\r\n              <img decoding=\"async\" class=\"about-image2 img-full\" src=\"https:\/\/shthemes.net\/demosd\/ziptech\/wp-content\/uploads\/2023\/04\/about-lg2.jpg\" alt=\"\" \/>\r\n              <img decoding=\"async\" class=\"about-badge1 img-full js-tilt\" src=\"https:\/\/shthemes.net\/demosd\/ziptech\/wp-content\/uploads\/2023\/04\/certificate1.png\" alt=\"\" \/>\r\n            <\/div>\r\n          <\/div>\r\n          <div class=\"col-md-12 col-lg-10 col-xl-6 wow fadeInLeft\" data-wow-delay=\"0ms\" data-wow-duration=\"1500ms\">\r\n            <div class=\"title-box\">\r\n            \t              \t<h5 class=\"side-line-left sub-title text-gradient-color\">\u015eirket Hakk\u0131nda<\/h5>\r\n              \t              \t              \t<h2 class=\"title mrb-35 mrb-lg-35\">\r\n                \tEn \u0130yi <span class=\"text-gradient-color\">Yaz\u0131l\u0131m<\/span> \u00e7\u00f6z\u00fcmlerini sunuyoruz               \t<\/h2>\r\n              \t            <\/div>\r\n                        <p class=\"mrb-30\">Synifly ekibi olarak, uzun y\u0131llara dayanan tecr\u00fcbemiz ve sekt\u00f6rdeki uzmanl\u0131\u011f\u0131m\u0131zla her zaman yan\u0131n\u0131zday\u0131z. \u0130\u015f d\u00fcnyas\u0131n\u0131n h\u0131zla de\u011fi\u015fen ihtiya\u00e7lar\u0131na uyum sa\u011flamak i\u00e7in s\u00fcrekli \u00f6\u011freniyor, geli\u015fiyor ve yenilik\u00e7i \u00e7\u00f6z\u00fcmler sunmaya odaklan\u0131yoruz. Sizlerin memnuniyeti ve ba\u015far\u0131s\u0131 bizim \u00f6nceli\u011fimizdir; bu nedenle her projede en iyi sonu\u00e7lar\u0131 elde etmek i\u00e7in titizlikle \u00e7al\u0131\u015f\u0131yoruz. Birlikte daha g\u00fc\u00e7l\u00fc ad\u0131mlar atmak ve hedeflerinize ula\u015fman\u0131zda destek olmak i\u00e7in buraday\u0131z!<\/p>\r\n                        <div class=\"row mrb-35 mrb-lg-35\">\r\n            \t              <div class=\"col-xl-6 col-lg-6 col-md-12\">\r\n                <ul class=\"order-list webex-primary-color\">\r\n                  <li>Kullan\u0131m Kolayl\u0131\u011f\u0131<\/li>\n\t\t\t\t\t\t\t\t\t<li>Haz\u0131r ve \u00d6zelle\u015ftirilebilir Mod\u00fcller<\/li>\n\t\t\t\t\t\t\t\t\t<li>Maliyet Tasarrufu<\/li>                <\/ul>\r\n              <\/div>\r\n                                          <div class=\"col-xl-6 col-lg-6 col-md-12\">\r\n                <ul class=\"order-list webex-primary-color\">\r\n                  <li>M\u00fc\u015fteri Odakl\u0131l\u0131k<\/li>\n\t\t\t\t\t\t\t\t\t<li>Yenilik\u00e7ilik<\/li>\n\t\t\t\t\t\t\t\t\t<li>Ekip \u00c7al\u0131\u015fmas\u0131<\/li>                <\/ul>\r\n              <\/div>\r\n                          <\/div>\r\n            <div class=\"row no-gutters mrb-5\">\r\n            \t\t              <div class=\"col-xl-6 col-lg-6 col-md-6 col-sm-6\">\r\n\t                <div class=\"featured-icon-box mrb-15 mrr-30\">\r\n\t                \t\t                  <div class=\"featured-content\">\r\n\t                  \t\t                    \t                  <\/div>\r\n\t                <\/div>\r\n\t              <\/div>\r\n              \t            <\/div>\r\n            <div class=\"row\">\r\n              <div class=\"col-lg-12\">\r\n                <div class=\"d-inline d-md-flex align-items-center mt-40\">\r\n                \t\t                  <div class=\"signature\">\r\n\t                    <img decoding=\"async\" src=\"\" alt=\"\" \/>\r\n\t                  <\/div>\r\n                <\/div>\r\n              <\/div>\r\n            <\/div>\r\n          <\/div>\r\n        <\/div>\r\n      <\/div>\r\n    <\/section>\r\n\t\t\t\t\t<\/div>\n\t\t\t\t<\/div>\n\t\t\t\t\t<\/div>\n\t\t<\/div>\n\t\t\t\t\t<\/div>\n\t\t<\/section>\n\t\t\t\t<section class=\"elementor-section elementor-top-section elementor-element elementor-element-e4f7374 elementor-section-boxed elementor-section-height-default elementor-section-height-default\" data-id=\"e4f7374\" data-element_type=\"section\">\n\t\t\t\t\t\t<div class=\"elementor-container elementor-column-gap-default\">\n\t\t\t\t\t<div class=\"elementor-column elementor-col-100 elementor-top-column elementor-element elementor-element-ae14b50\" data-id=\"ae14b50\" data-element_type=\"column\">\n\t\t\t<div class=\"elementor-widget-wrap elementor-element-populated\">\n\t\t\t\t\t\t<div class=\"elementor-element elementor-element-b83bbc9 elementor-widget elementor-widget-heading\" data-id=\"b83bbc9\" data-element_type=\"widget\" data-widget_type=\"heading.default\">\n\t\t\t\t<div class=\"elementor-widget-container\">\n\t\t\t\t\t<h3 class=\"elementor-heading-title elementor-size-default\">Neden <span class=\"text-gradient-color\">Dijitalle\u015fme? <\/span> <\/h3>\t\t\t\t<\/div>\n\t\t\t\t<\/div>\n\t\t\t\t<div class=\"elementor-element elementor-element-1fd4476 elementor-widget elementor-widget-text-editor\" data-id=\"1fd4476\" data-element_type=\"widget\" data-widget_type=\"text-editor.default\">\n\t\t\t\t<div class=\"elementor-widget-container\">\n\t\t\t\t\t\t\t\t\t<p>Dijitalle\u015fme, i\u015fletmelere yaln\u0131zca operasyonel verimlilik sa\u011flamakla kalmaz, ayn\u0131 zamanda m\u00fc\u015fterilere daha iyi hizmet sunma imk\u00e2n\u0131 da tan\u0131r. Teknolojinin sundu\u011fu yenilikler sayesinde i\u015fletmeler, s\u00fcre\u00e7lerini optimize edebilir, maliyetlerini d\u00fc\u015f\u00fcrebilir ve daha geni\u015f bir m\u00fc\u015fteri kitlesine ula\u015fabilir. Ancak bu s\u00fcre\u00e7, do\u011fru strateji ve ara\u00e7larla desteklenmedi\u011finde karma\u015f\u0131k ve yorucu bir hale gelebilir. \u0130\u015fte bu y\u00fczden Synifly olarak, i\u015fletmelerin ihtiya\u00e7lar\u0131na uygun \u00e7\u00f6z\u00fcmler sunarak dijitalle\u015fmeyi kolayla\u015ft\u0131r\u0131yoruz.<\/p>\t\t\t\t\t\t\t\t<\/div>\n\t\t\t\t<\/div>\n\t\t\t\t\t<\/div>\n\t\t<\/div>\n\t\t\t\t\t<\/div>\n\t\t<\/section>\n\t\t\t\t<section class=\"elementor-section elementor-top-section elementor-element elementor-element-ab34a48 elementor-section-boxed elementor-section-height-default elementor-section-height-default\" data-id=\"ab34a48\" data-element_type=\"section\">\n\t\t\t\t\t\t<div class=\"elementor-container elementor-column-gap-default\">\n\t\t\t\t\t<div class=\"elementor-column elementor-col-100 elementor-top-column elementor-element elementor-element-567a9a7\" data-id=\"567a9a7\" data-element_type=\"column\">\n\t\t\t<div class=\"elementor-widget-wrap elementor-element-populated\">\n\t\t\t\t\t\t<div class=\"elementor-element elementor-element-ccc067f elementor-widget elementor-widget-heading\" data-id=\"ccc067f\" data-element_type=\"widget\" data-widget_type=\"heading.default\">\n\t\t\t\t<div class=\"elementor-widget-container\">\n\t\t\t\t\t<h3 class=\"elementor-heading-title elementor-size-default\">Dijitalle\u015fme Yolculu\u011funda\n  <span class=\"text-gradient-color\">Synifly <\/span> ile Gelece\u011fe Ad\u0131m At\u0131n<\/h3>\t\t\t\t<\/div>\n\t\t\t\t<\/div>\n\t\t\t\t<div class=\"elementor-element elementor-element-4bef5b7 elementor-widget elementor-widget-text-editor\" data-id=\"4bef5b7\" data-element_type=\"widget\" data-widget_type=\"text-editor.default\">\n\t\t\t\t<div class=\"elementor-widget-container\">\n\t\t\t\t\t\t\t\t\t<p>G\u00fcn\u00fcm\u00fcz d\u00fcnyas\u0131nda dijitalle\u015fme, i\u015fletmelerin b\u00fcy\u00fcmesi ve s\u00fcrd\u00fcr\u00fclebilir bir ba\u015far\u0131 yakalamas\u0131 i\u00e7in vazge\u00e7ilmez bir unsur haline gelmi\u015ftir. Teknolojinin h\u0131zla geli\u015fti\u011fi bu d\u00f6nemde, i\u015fletmelerin rekabet\u00e7i kalabilmesi i\u00e7in dijital \u00e7\u00f6z\u00fcmleri i\u015f s\u00fcre\u00e7lerine entegre etmeleri bir zorunluluk haline gelmi\u015ftir. \u0130\u015fte tam da bu noktada, Synifly olarak biz devreye giriyoruz. Amac\u0131m\u0131z, i\u015fletmelerin dijitalle\u015fme yolculu\u011funda g\u00fcvenilir bir rehber ve \u00e7\u00f6z\u00fcm orta\u011f\u0131 olmakt\u0131r.<\/p>\t\t\t\t\t\t\t\t<\/div>\n\t\t\t\t<\/div>\n\t\t\t\t\t<\/div>\n\t\t<\/div>\n\t\t\t\t\t<\/div>\n\t\t<\/section>\n\t\t\t\t<section class=\"elementor-section elementor-top-section elementor-element elementor-element-8e923dc elementor-section-boxed elementor-section-height-default elementor-section-height-default\" data-id=\"8e923dc\" data-element_type=\"section\">\n\t\t\t\t\t\t<div class=\"elementor-container elementor-column-gap-default\">\n\t\t\t\t\t<div class=\"elementor-column elementor-col-100 elementor-top-column elementor-element elementor-element-4cdbaf6\" data-id=\"4cdbaf6\" data-element_type=\"column\">\n\t\t\t<div class=\"elementor-widget-wrap elementor-element-populated\">\n\t\t\t\t\t\t<div class=\"elementor-element elementor-element-8bcf829 elementor-widget elementor-widget-heading\" data-id=\"8bcf829\" data-element_type=\"widget\" data-widget_type=\"heading.default\">\n\t\t\t\t<div class=\"elementor-widget-container\">\n\t\t\t\t\t<h3 class=\"elementor-heading-title elementor-size-default\">Synifly\u2019\u0131n <span class=\"text-gradient-color\">Vizyonu<\/span><\/h3>\t\t\t\t<\/div>\n\t\t\t\t<\/div>\n\t\t\t\t<div class=\"elementor-element elementor-element-8be14c9 elementor-widget elementor-widget-text-editor\" data-id=\"8be14c9\" data-element_type=\"widget\" data-widget_type=\"text-editor.default\">\n\t\t\t\t<div class=\"elementor-widget-container\">\n\t\t\t\t\t\t\t\t\t<p>Synifly olarak vizyonumuz, m\u00fc\u015fterilerimizin i\u015f s\u00fcre\u00e7lerini daha verimli hale getirmek ve onlar\u0131n hedeflerine daha h\u0131zl\u0131 ula\u015fmalar\u0131n\u0131 sa\u011flamakt\u0131r. Teknolojiyi yaln\u0131zca bir ara\u00e7 olarak de\u011fil, ayn\u0131 zamanda bir f\u0131rsat olarak g\u00f6r\u00fcyoruz. Bu nedenle, sundu\u011fumuz \u00e7\u00f6z\u00fcmlerle i\u015fletmelerin dijital d\u00f6n\u00fc\u015f\u00fcm yolculuklar\u0131nda yanlar\u0131nda yer al\u0131yoruz.<\/p><p>Gelecekte daha fazla i\u015fletmenin dijitalle\u015fme s\u00fcre\u00e7lerine katk\u0131da bulunmay\u0131 ve bu alanda \u00f6nc\u00fc bir marka olmay\u0131 hedefliyoruz. \u0130\u015f d\u00fcnyas\u0131n\u0131n de\u011fi\u015fen dinamiklerine ayak uydurmak i\u00e7in s\u00fcrekli yenilik\u00e7i \u00e7\u00f6z\u00fcmler geli\u015ftirmeye devam ediyoruz. \u00c7\u00fcnk\u00fc biliyoruz ki, m\u00fc\u015fterilerimizin ba\u015far\u0131s\u0131 bizim ba\u015far\u0131m\u0131zd\u0131r.<\/p>\t\t\t\t\t\t\t\t<\/div>\n\t\t\t\t<\/div>\n\t\t\t\t\t<\/div>\n\t\t<\/div>\n\t\t\t\t\t<\/div>\n\t\t<\/section>\n\t\t\t\t<section class=\"elementor-section elementor-top-section elementor-element elementor-element-40f437a elementor-section-boxed elementor-section-height-default elementor-section-height-default\" data-id=\"40f437a\" data-element_type=\"section\">\n\t\t\t\t\t\t<div class=\"elementor-container elementor-column-gap-default\">\n\t\t\t\t\t<div class=\"elementor-column elementor-col-100 elementor-top-column elementor-element elementor-element-30403f2\" data-id=\"30403f2\" data-element_type=\"column\">\n\t\t\t<div class=\"elementor-widget-wrap elementor-element-populated\">\n\t\t\t\t\t\t<div class=\"elementor-element elementor-element-8e22a1f elementor-widget elementor-widget-heading\" data-id=\"8e22a1f\" data-element_type=\"widget\" data-widget_type=\"heading.default\">\n\t\t\t\t<div class=\"elementor-widget-container\">\n\t\t\t\t\t<h3 class=\"elementor-heading-title elementor-size-default\">M\u00fc\u015fterilerimizle <span class=\"text-gradient-color\">Birlikte<\/span> B\u00fcy\u00fcyoruz<\/h3>\t\t\t\t<\/div>\n\t\t\t\t<\/div>\n\t\t\t\t<div class=\"elementor-element elementor-element-3881910 elementor-widget elementor-widget-text-editor\" data-id=\"3881910\" data-element_type=\"widget\" data-widget_type=\"text-editor.default\">\n\t\t\t\t<div class=\"elementor-widget-container\">\n\t\t\t\t\t\t\t\t\t<p>Synifly olarak en b\u00fcy\u00fck \u00f6nceli\u011fimiz, m\u00fc\u015fterilerimizin ihtiya\u00e7lar\u0131n\u0131 anlamak ve onlara en iyi \u00e7\u00f6z\u00fcmleri sunmakt\u0131r. Her i\u015fletmenin farkl\u0131 ihtiya\u00e7lar\u0131 ve hedefleri oldu\u011funu biliyoruz. Bu nedenle, her bir m\u00fc\u015fterimize \u00f6zel \u00e7\u00f6z\u00fcmler sunarak onlar\u0131n i\u015f s\u00fcre\u00e7lerini kolayla\u015ft\u0131rmay\u0131 ama\u00e7l\u0131yoruz.<\/p><p>M\u00fc\u015fterilerimizle kurdu\u011fumuz ili\u015fkilerde g\u00fcven ve samimiyet bizim i\u00e7in \u00e7ok \u00f6nemli. Onlar\u0131n ba\u015far\u0131 hikayelerinde k\u00fc\u00e7\u00fck de olsa bir pay sahibi olmak, bizi daha da motive ediyor. \u00c7\u00fcnk\u00fc biz sadece bir \u00e7\u00f6z\u00fcm sa\u011flay\u0131c\u0131 de\u011filiz; ayn\u0131 zamanda m\u00fc\u015fterilerimizin b\u00fcy\u00fcme yolculu\u011funda onlara e\u015flik eden bir i\u015f orta\u011f\u0131y\u0131z.<\/p>\t\t\t\t\t\t\t\t<\/div>\n\t\t\t\t<\/div>\n\t\t\t\t\t<\/div>\n\t\t<\/div>\n\t\t\t\t\t<\/div>\n\t\t<\/section>\n\t\t\t\t<section class=\"elementor-section elementor-top-section elementor-element elementor-element-c67e752 elementor-section-boxed elementor-section-height-default elementor-section-height-default\" data-id=\"c67e752\" data-element_type=\"section\">\n\t\t\t\t\t\t<div class=\"elementor-container elementor-column-gap-default\">\n\t\t\t\t\t<div class=\"elementor-column elementor-col-100 elementor-top-column elementor-element elementor-element-f4a2c4b\" data-id=\"f4a2c4b\" data-element_type=\"column\">\n\t\t\t<div class=\"elementor-widget-wrap elementor-element-populated\">\n\t\t\t\t\t\t<div class=\"elementor-element elementor-element-0f82687 elementor-widget elementor-widget-heading\" data-id=\"0f82687\" data-element_type=\"widget\" data-widget_type=\"heading.default\">\n\t\t\t\t<div class=\"elementor-widget-container\">\n\t\t\t\t\t<h3 class=\"elementor-heading-title elementor-size-default\">Gelece\u011fe <span class=\"text-gradient-color\">Birlikte<\/span> Y\u00fcr\u00fcyoruz <\/h3>\t\t\t\t<\/div>\n\t\t\t\t<\/div>\n\t\t\t\t<div class=\"elementor-element elementor-element-8e46dee elementor-widget elementor-widget-text-editor\" data-id=\"8e46dee\" data-element_type=\"widget\" data-widget_type=\"text-editor.default\">\n\t\t\t\t<div class=\"elementor-widget-container\">\n\t\t\t\t\t\t\t\t\t<p>Dijitalle\u015fme yolculu\u011fu s\u00fcrekli geli\u015fen ve de\u011fi\u015fen bir s\u00fcre\u00e7tir. Bu nedenle, Synifly olarak her zaman yeniliklere a\u00e7\u0131k bir yakla\u015f\u0131m benimsiyoruz. Teknolojinin sundu\u011fu f\u0131rsatlar\u0131 m\u00fc\u015fterilerimizin ihtiya\u00e7lar\u0131na uygun \u015fekilde sunarak onlar\u0131n i\u015f d\u00fcnyas\u0131nda fark yaratmalar\u0131na yard\u0131mc\u0131 oluyoruz.<\/p><p>Gelecekte birlikte daha b\u00fcy\u00fck ba\u015far\u0131 hikayeleri yazaca\u011f\u0131m\u0131za inan\u0131yoruz. \u00c7\u00fcnk\u00fc biz Synifly olarak sadece bug\u00fcn\u00fcn de\u011fil, yar\u0131n\u0131n da \u00e7\u00f6z\u00fcmlerini sunmak i\u00e7in buraday\u0131z.<\/p>\t\t\t\t\t\t\t\t<\/div>\n\t\t\t\t<\/div>\n\t\t\t\t\t<\/div>\n\t\t<\/div>\n\t\t\t\t\t<\/div>\n\t\t<\/section>\n\t\t\t\t<section class=\"elementor-section elementor-top-section elementor-element elementor-element-7c4ef40 elementor-section-boxed elementor-section-height-default elementor-section-height-default\" data-id=\"7c4ef40\" data-element_type=\"section\">\n\t\t\t\t\t\t<div class=\"elementor-container elementor-column-gap-default\">\n\t\t\t\t\t<div class=\"elementor-column elementor-col-100 elementor-top-column elementor-element elementor-element-02d0311\" data-id=\"02d0311\" data-element_type=\"column\">\n\t\t\t<div class=\"elementor-widget-wrap elementor-element-populated\">\n\t\t\t\t\t\t<div class=\"elementor-element elementor-element-8946e41 elementor-widget elementor-widget-text-editor\" data-id=\"8946e41\" data-element_type=\"widget\" data-widget_type=\"text-editor.default\">\n\t\t\t\t<div class=\"elementor-widget-container\">\n\t\t\t\t\t\t\t\t\t<p>Synifly olarak, dijitalle\u015fme yolculu\u011funuzda size rehberlik etmekten mutluluk duyuyoruz. \u0130\u015fletmenizin b\u00fcy\u00fcmesi ve geli\u015fmesi i\u00e7in gereken teknolojik altyap\u0131y\u0131 sa\u011flamak bizim i\u015fimiz. Siz de bu heyecan verici yolculukta bize kat\u0131lmak isterseniz, her zaman yan\u0131n\u0131zday\u0131z.<\/p><p>Unutmay\u0131n, birlikte \u00e7al\u0131\u015farak daha b\u00fcy\u00fck ba\u015far\u0131lara ula\u015fabiliriz. \u00c7\u00fcnk\u00fc Synifly ile gelece\u011fe ad\u0131m atmak, asl\u0131nda bug\u00fcnden gelece\u011fi in\u015fa etmektir!<\/p>\t\t\t\t\t\t\t\t<\/div>\n\t\t\t\t<\/div>\n\t\t\t\t\t<\/div>\n\t\t<\/div>\n\t\t\t\t\t<\/div>\n\t\t<\/section>\n\t\t\t\t<section class=\"elementor-section elementor-top-section elementor-element elementor-element-1270cb5 elementor-section-boxed elementor-section-height-default elementor-section-height-default\" data-id=\"1270cb5\" data-element_type=\"section\">\n\t\t\t\t\t\t<div class=\"elementor-container elementor-column-gap-default\">\n\t\t\t\t\t<div class=\"elementor-column elementor-col-100 elementor-top-column elementor-element elementor-element-af07c74\" data-id=\"af07c74\" data-element_type=\"column\">\n\t\t\t<div class=\"elementor-widget-wrap elementor-element-populated\">\n\t\t\t\t\t\t<div class=\"elementor-element elementor-element-2ffccac elementor-widget elementor-widget-spacer\" data-id=\"2ffccac\" data-element_type=\"widget\" data-widget_type=\"spacer.default\">\n\t\t\t\t<div class=\"elementor-widget-container\">\n\t\t\t\t\t\t\t<div class=\"elementor-spacer\">\n\t\t\t<div class=\"elementor-spacer-inner\"><\/div>\n\t\t<\/div>\n\t\t\t\t\t\t<\/div>\n\t\t\t\t<\/div>\n\t\t\t\t\t<\/div>\n\t\t<\/div>\n\t\t\t\t\t<\/div>\n\t\t<\/section>\n\t\t\t\t<\/div>\n\t\t","protected":false},"excerpt":{"rendered":"<p>Hakk\u0131m\u0131zda Anasayfa Hakk\u0131m\u0131zda \u015eirket Hakk\u0131nda En \u0130yi Yaz\u0131l\u0131m \u00e7\u00f6z\u00fcmlerini sunuyoruz Synifly ekibi olarak, uzun y\u0131llara dayanan tecr\u00fcbemiz ve sekt\u00f6rdeki uzmanl\u0131\u011f\u0131m\u0131zla her zaman yan\u0131n\u0131zday\u0131z. \u0130\u015f d\u00fcnyas\u0131n\u0131n h\u0131zla de\u011fi\u015fen ihtiya\u00e7lar\u0131na uyum sa\u011flamak i\u00e7in s\u00fcrekli \u00f6\u011freniyor, geli\u015fiyor ve yenilik\u00e7i \u00e7\u00f6z\u00fcmler sunmaya odaklan\u0131yoruz. Sizlerin memnuniyeti ve ba\u015far\u0131s\u0131 bizim \u00f6nceli\u011fimizdir; bu nedenle her projede en iyi sonu\u00e7lar\u0131 elde etmek i\u00e7in [&hellip;]<\/p>\n","protected":false},"author":1,"featured_media":0,"parent":0,"menu_order":0,"comment_status":"closed","ping_status":"closed","template":"page-templates\/home.php","meta":{"inline_featured_image":false,"_joinchat":[],"footnotes":""},"class_list":["post-135","page","type-page","status-publish","hentry"],"_links":{"self":[{"href":"https:\/\/synifly.com.tr\/index.php?rest_route=\/wp\/v2\/pages\/135","targetHints":{"allow":["GET"]}}],"collection":[{"href":"https:\/\/synifly.com.tr\/index.php?rest_route=\/wp\/v2\/pages"}],"about":[{"href":"https:\/\/synifly.com.tr\/index.php?rest_route=\/wp\/v2\/types\/page"}],"author":[{"embeddable":true,"href":"https:\/\/synifly.com.tr\/index.php?rest_route=\/wp\/v2\/users\/1"}],"replies":[{"embeddable":true,"href":"https:\/\/synifly.com.tr\/index.php?rest_route=%2Fwp%2Fv2%2Fcomments&post=135"}],"version-history":[{"count":23,"href":"https:\/\/synifly.com.tr\/index.php?rest_route=\/wp\/v2\/pages\/135\/revisions"}],"predecessor-version":[{"id":1523,"href":"https:\/\/synifly.com.tr\/index.php?rest_route=\/wp\/v2\/pages\/135\/revisions\/1523"}],"wp:attachment":[{"href":"https:\/\/synifly.com.tr\/index.php?rest_route=%2Fwp%2Fv2%2Fmedia&parent=135"}],"curies":[{"name":"wp","href":"https:\/\/api.w.org\/{rel}","templated":true}]}}